{"id":199,"date":"2014-01-22T23:16:44","date_gmt":"2014-01-22T22:16:44","guid":{"rendered":"http:\/\/web.martinezpenya.es\/?page_id=199"},"modified":"2021-04-22T20:17:01","modified_gmt":"2021-04-22T18:17:01","slug":"informacio-legal","status":"publish","type":"page","link":"https:\/\/web.martinezpenya.es\/es\/informacio-legal\/","title":{"rendered":"Informaci\u00f3n legal"},"content":{"rendered":"<p>Este sitio web (y todo su contenido) se ofrece bajo licencia CC BY-NC-ND:<\/p>\n<div>\n<div><img data-recalc-dims=\"1\" decoding=\"async\" alt=\"\" data-src=\"https:\/\/i0.wp.com\/mirrors.creativecommons.org\/presskit\/buttons\/88x31\/png\/by-nc-nd.png?resize=88%2C31&#038;ssl=1\" width=\"88\" height=\"31\" src=\"data:image\/svg+xml;base64,PHN2ZyB3aWR0aD0iMSIgaGVpZ2h0PSIxIiB4bWxucz0iaHR0cDovL3d3dy53My5vcmcvMjAwMC9zdmciPjwvc3ZnPg==\" class=\"lazyload\" style=\"--smush-placeholder-width: 88px; --smush-placeholder-aspect-ratio: 88\/31;\" \/><\/div>\n<div>\n<p><strong> Reconocimiento-NoComercial-SinObraDerivada<br \/>\nCC BY-NC-ND <\/strong><\/p>\n<p>Esta licencia es la m\u00e1s restrictiva de las seis licencias principales, s\u00f3lo permite que otros puedan descargar las obras y compartirlas con otras personas, siempre que se reconozca su autor\u00eda, pero no se pueden cambiar de ninguna manera ni se pueden utilizar comercialmente.<\/p>\n<p><a href=\"http:\/\/creativecommons.org\/licenses\/by-nc-nd\/4.0\"> Acceda al Resumen de la Licencia<\/a> | <a href=\"http:\/\/creativecommons.org\/licenses\/by-nc-nd\/4.0\/legalcode\"> Acceda al C\u00f3digo Legal<\/a><\/p>\n<\/div>\n<\/div>\n<p><\/p>","protected":false},"excerpt":{"rendered":"<p>Este sitio web (y todo su contenido) se ofrece bajo licencia CC BY-NC-ND: Reconocimiento-NoComercial-SinObraDerivada CC BY-NC-ND Esta licencia es la m\u00e1s restrictiva de las seis licencias principales, s\u00f3lo permite que otros puedan descargar las obras y compartirlas con otras personas, siempre que se reconozca su autor\u00eda, pero no se pueden&#8230;<\/p>\n<p class=\"continue-reading-button\"> <a class=\"continue-reading-link\" href=\"https:\/\/web.martinezpenya.es\/es\/informacio-legal\/\">Leer m\u00e1s<i class=\"crycon-right-dir\"><\/i><\/a><\/p>\n","protected":false},"author":1,"featured_media":0,"parent":0,"menu_order":0,"comment_status":"open","ping_status":"open","template":"","meta":{"jetpack_post_was_ever_published":false,"footnotes":""},"class_list":["post-199","page","type-page","status-publish","hentry"],"jetpack_shortlink":"https:\/\/wp.me\/PbTrCi-3d","jetpack_sharing_enabled":true,"_links":{"self":[{"href":"https:\/\/web.martinezpenya.es\/es\/wp-json\/wp\/v2\/pages\/199","targetHints":{"allow":["GET"]}}],"collection":[{"href":"https:\/\/web.martinezpenya.es\/es\/wp-json\/wp\/v2\/pages"}],"about":[{"href":"https:\/\/web.martinezpenya.es\/es\/wp-json\/wp\/v2\/types\/page"}],"author":[{"embeddable":true,"href":"https:\/\/web.martinezpenya.es\/es\/wp-json\/wp\/v2\/users\/1"}],"replies":[{"embeddable":true,"href":"https:\/\/web.martinezpenya.es\/es\/wp-json\/wp\/v2\/comments?post=199"}],"version-history":[{"count":6,"href":"https:\/\/web.martinezpenya.es\/es\/wp-json\/wp\/v2\/pages\/199\/revisions"}],"predecessor-version":[{"id":1023,"href":"https:\/\/web.martinezpenya.es\/es\/wp-json\/wp\/v2\/pages\/199\/revisions\/1023"}],"wp:attachment":[{"href":"https:\/\/web.martinezpenya.es\/es\/wp-json\/wp\/v2\/media?parent=199"}],"curies":[{"name":"wp","href":"https:\/\/api.w.org\/{rel}","templated":true}]}}