{"id":51,"date":"2014-01-13T00:26:59","date_gmt":"2014-01-12T23:26:59","guid":{"rendered":"http:\/\/web.martinezpenya.es\/?page_id=51"},"modified":"2016-10-24T20:02:14","modified_gmt":"2016-10-24T18:02:14","slug":"sobre-mi","status":"publish","type":"page","link":"https:\/\/web.martinezpenya.es\/es\/sobre-mi\/","title":{"rendered":"Sobre mi"},"content":{"rendered":"<p><div id=\"attachment_207\" style=\"width: 430px\" class=\"wp-caption alignright\"><a href=\"https:\/\/i0.wp.com\/web.martinezpenya.es\/wp-content\/uploads\/2014\/01\/20081223195318_excursi%C3%B3-fundaci%C3%B3-serra-espad%C3%A0-163.jpeg\"><img data-recalc-dims=\"1\" decoding=\"async\" aria-describedby=\"caption-attachment-207\" data-attachment-id=\"207\" data-permalink=\"https:\/\/web.martinezpenya.es\/es\/sobre-mi\/20081223195318_excursio-fundacio-serra-espada-163\/\" data-orig-file=\"https:\/\/i0.wp.com\/web.martinezpenya.es\/wp-content\/uploads\/2014\/01\/20081223195318_excursi%C3%B3-fundaci%C3%B3-serra-espad%C3%A0-163.jpeg?fit=600%2C450&amp;ssl=1\" data-orig-size=\"600,450\" data-comments-opened=\"1\" data-image-meta=\"{&quot;aperture&quot;:&quot;4.8&quot;,&quot;credit&quot;:&quot;&quot;,&quot;camera&quot;:&quot;Canon PowerShot G9&quot;,&quot;caption&quot;:&quot;&quot;,&quot;created_timestamp&quot;:&quot;1229776448&quot;,&quot;copyright&quot;:&quot;&quot;,&quot;focal_length&quot;:&quot;44.4&quot;,&quot;iso&quot;:&quot;200&quot;,&quot;shutter_speed&quot;:&quot;0.003125&quot;,&quot;title&quot;:&quot;&quot;,&quot;exposure_bias&quot;:&quot;0\/3&quot;,&quot;flash&quot;:&quot;24&quot;}\" data-image-title=\"David Mart\u00ednez Pe\u00f1a\" data-image-description=\"&lt;p&gt;Jo fotografiat per Alberto H. en una excursi\u00f3&lt;\/p&gt;\n\" data-image-caption=\"&lt;p&gt;Jo fotografiat per Alberto H. en una excursi\u00f3&lt;\/p&gt;\n\" data-large-file=\"https:\/\/i0.wp.com\/web.martinezpenya.es\/wp-content\/uploads\/2014\/01\/20081223195318_excursi%C3%B3-fundaci%C3%B3-serra-espad%C3%A0-163.jpeg?fit=600%2C450&amp;ssl=1\" class=\"wp-image-207 lazyload\" title=\"David Mart\u00ednez Pe\u00f1a\" data-src=\"https:\/\/i0.wp.com\/web.martinezpenya.es\/wp-content\/uploads\/2014\/01\/20081223195318_excursi%C3%B3-fundaci%C3%B3-serra-espad%C3%A0-163.jpeg?resize=420%2C315\" alt=\"web.martinezpenya.es\" width=\"420\" height=\"315\" data-srcset=\"https:\/\/i0.wp.com\/web.martinezpenya.es\/wp-content\/uploads\/2014\/01\/20081223195318_excursi%C3%B3-fundaci%C3%B3-serra-espad%C3%A0-163.jpeg?w=600&amp;ssl=1 600w, https:\/\/i0.wp.com\/web.martinezpenya.es\/wp-content\/uploads\/2014\/01\/20081223195318_excursi%C3%B3-fundaci%C3%B3-serra-espad%C3%A0-163.jpeg?resize=300%2C225&amp;ssl=1 300w, https:\/\/i0.wp.com\/web.martinezpenya.es\/wp-content\/uploads\/2014\/01\/20081223195318_excursi%C3%B3-fundaci%C3%B3-serra-espad%C3%A0-163.jpeg?resize=200%2C150&amp;ssl=1 200w, https:\/\/i0.wp.com\/web.martinezpenya.es\/wp-content\/uploads\/2014\/01\/20081223195318_excursi%C3%B3-fundaci%C3%B3-serra-espad%C3%A0-163.jpeg?resize=150%2C112&amp;ssl=1 150w\" data-sizes=\"(max-width: 420px) 100vw, 420px\" src=\"data:image\/svg+xml;base64,PHN2ZyB3aWR0aD0iMSIgaGVpZ2h0PSIxIiB4bWxucz0iaHR0cDovL3d3dy53My5vcmcvMjAwMC9zdmciPjwvc3ZnPg==\" style=\"--smush-placeholder-width: 420px; --smush-placeholder-aspect-ratio: 420\/315;\" \/><\/a><p id=\"caption-attachment-207\" class=\"wp-caption-text\">Yo fotografiado por Alberto H. en una excursi\u00f3n<\/p><\/div><\/p>\n<p><strong>Qu\u00e9 es esto?<\/strong><\/p>\n<p>&#8211; Esto es un Fotoblog.<\/p>\n<p>&#8211; Fotoqu\u00e9?<\/p>\n<p>&#8211; Fotoblog, donde yo voy colgando im\u00e1genes y tu puedes ir coment\u00e1ndolas<\/p>\n<p><strong>Informaci\u00f3n<\/strong><\/p>\n<p>Mi nombre es David Martinez Pe\u00f1a, soy de Carlet (en la provincia de Valencia). Soy inform\u00e1tico, y me gusta mucho la m\u00fasica, la fotograf\u00eda, la nataci\u00f3n y pasear por la monta\u00f1a.<\/p>\n<p><strong>Apartado t\u00e9cnico<\/strong><\/p>\n<p>La web est\u00e1 generada con wordpress 4.6, nextgen gallery, qtranslate, jetpack y kk star ratings entre otros.<\/p>\n<p><strong>Enlaces interesantes de web&#8217;s, blog&#8217;s o photostreams de amigos<\/strong><\/p>\n<p><a title=\"Photostream d'Augusto\" href=\"http:\/\/500px.com\/zuguzz\" target=\"_blank\">http:\/\/500px.com\/zuguzz<\/a> (Photostream d&#8217;Augusto)<\/p>\n<p><a title=\"Photostream de Jordi\" href=\"http:\/\/500px.com\/jordimares2\" target=\"_blank\">http:\/\/500px.com\/jordimares2<\/a> (Photostream de Jordi)<\/p>\n<p><a title=\"A.M. L'art\u00edstica de Carlet\" href=\"http:\/\/www.amartistica.com\" target=\"_blank\">http:\/\/www.amartistica.com<\/a> (La mejor banda de Carlet A.M. L&#8217;Art\u00edstica de Carlet)<\/p>","protected":false},"excerpt":{"rendered":"<p>Qu\u00e9 es esto? &#8211; Esto es un Fotoblog. &#8211; Fotoqu\u00e9? &#8211; Fotoblog, donde yo voy colgando im\u00e1genes y tu puedes ir coment\u00e1ndolas Informaci\u00f3n Mi nombre es David Martinez Pe\u00f1a, soy de Carlet (en la provincia de Valencia). Soy inform\u00e1tico, y me gusta mucho la m\u00fasica, la fotograf\u00eda, la nataci\u00f3n y&#8230;<\/p>\n<p class=\"continue-reading-button\"> <a class=\"continue-reading-link\" href=\"https:\/\/web.martinezpenya.es\/es\/sobre-mi\/\">Leer m\u00e1s<i class=\"crycon-right-dir\"><\/i><\/a><\/p>\n","protected":false},"author":1,"featured_media":0,"parent":0,"menu_order":0,"comment_status":"open","ping_status":"open","template":"","meta":{"jetpack_post_was_ever_published":false,"footnotes":""},"class_list":["post-51","page","type-page","status-publish","hentry"],"jetpack_shortlink":"https:\/\/wp.me\/PbTrCi-P","jetpack_sharing_enabled":true,"_links":{"self":[{"href":"https:\/\/web.martinezpenya.es\/es\/wp-json\/wp\/v2\/pages\/51","targetHints":{"allow":["GET"]}}],"collection":[{"href":"https:\/\/web.martinezpenya.es\/es\/wp-json\/wp\/v2\/pages"}],"about":[{"href":"https:\/\/web.martinezpenya.es\/es\/wp-json\/wp\/v2\/types\/page"}],"author":[{"embeddable":true,"href":"https:\/\/web.martinezpenya.es\/es\/wp-json\/wp\/v2\/users\/1"}],"replies":[{"embeddable":true,"href":"https:\/\/web.martinezpenya.es\/es\/wp-json\/wp\/v2\/comments?post=51"}],"version-history":[{"count":20,"href":"https:\/\/web.martinezpenya.es\/es\/wp-json\/wp\/v2\/pages\/51\/revisions"}],"predecessor-version":[{"id":683,"href":"https:\/\/web.martinezpenya.es\/es\/wp-json\/wp\/v2\/pages\/51\/revisions\/683"}],"wp:attachment":[{"href":"https:\/\/web.martinezpenya.es\/es\/wp-json\/wp\/v2\/media?parent=51"}],"curies":[{"name":"wp","href":"https:\/\/api.w.org\/{rel}","templated":true}]}}